{"id":74,"date":"2024-12-08T16:51:41","date_gmt":"2024-12-08T15:51:41","guid":{"rendered":"https:\/\/colombi.fr\/?page_id=74"},"modified":"2025-02-13T13:31:06","modified_gmt":"2025-02-13T12:31:06","slug":"mes-services","status":"publish","type":"page","link":"https:\/\/colombi.fr\/index.php\/mes-services\/","title":{"rendered":"Mes services"},"content":{"rendered":"\n<p>Texte descriptif des services<\/p>\n\n\n\n<p class=\"has-text-align-center has-medium-font-size\"><code>\n<!-- Page-list plugin v.5.7 wordpress.org\/plugins\/page-list\/ -->\n<div class=\"page-list page-list-ext \">\n<div class=\"page-list-ext-item\"><div class=\"page-list-ext-image\"><a href=\"https:\/\/colombi.fr\/index.php\/mes-services\/les-coachings\/\" title=\"Les coachings\"><img decoding=\"async\" src=\"https:\/\/colombi.fr\/wp-content\/uploads\/2024\/12\/ease-3134828_1280-300x200.jpg\" width=\"150\" alt=\"Les coachings\" \/><\/a><\/div> <h3 class=\"page-list-ext-title\"><a href=\"https:\/\/colombi.fr\/index.php\/mes-services\/les-coachings\/\" title=\"Les coachings\">Les coachings<\/a><\/h3><div class=\"page-list-ext-item-content\">\n\nL'Univers,&nbsp;le monde comme l'individu sont \u00e0 la fois indivisible et duel.&nbsp;Tout est constitu\u00e9&nbsp;de deux \u00e9nergies fondamentales qui s'opposent et se compl\u00e8tent.  \n \n\n\n\nLe Yin (\u00e9nergie cosm...<\/div><\/div>\n<div class=\"page-list-ext-item\"><div class=\"page-list-ext-image\"><a href=\"https:\/\/colombi.fr\/index.php\/mes-services\/soins-energetiques\/\" title=\"Soins \u00e9nerg\u00e9tiques\"><img decoding=\"async\" src=\"https:\/\/colombi.fr\/wp-content\/uploads\/2024\/12\/header-bg-370x247.jpg\" width=\"150\" alt=\"Soins \u00e9nerg\u00e9tiques\" \/><\/a><\/div> <h3 class=\"page-list-ext-title\"><a href=\"https:\/\/colombi.fr\/index.php\/mes-services\/soins-energetiques\/\" title=\"Soins \u00e9nerg\u00e9tiques\">Soins \u00e9nerg\u00e9tiques<\/a><\/h3><div class=\"page-list-ext-item-content\">\n\nNous avons la capacit\u00e9 de capter tout au long de notre vie de l\u2019\u00e9nergie vitale. Cette derni\u00e8re est une \u00e9nergie de coh\u00e9rence et de coh\u00e9sion qui, constamment nous maintient en bonne sant\u00e9 en r\u00e9glant nos param...<\/div><\/div>\n\n<\/div><\/code><\/p>\n","protected":false},"excerpt":{"rendered":"<p>Texte descriptif des services<\/p>\n","protected":false},"author":2,"featured_media":54,"parent":0,"menu_order":0,"comment_status":"closed","ping_status":"closed","template":"","meta":{"footnotes":""},"class_list":["post-74","page","type-page","status-publish","has-post-thumbnail","hentry"],"_links":{"self":[{"href":"https:\/\/colombi.fr\/index.php\/wp-json\/wp\/v2\/pages\/74","targetHints":{"allow":["GET"]}}],"collection":[{"href":"https:\/\/colombi.fr\/index.php\/wp-json\/wp\/v2\/pages"}],"about":[{"href":"https:\/\/colombi.fr\/index.php\/wp-json\/wp\/v2\/types\/page"}],"author":[{"embeddable":true,"href":"https:\/\/colombi.fr\/index.php\/wp-json\/wp\/v2\/users\/2"}],"replies":[{"embeddable":true,"href":"https:\/\/colombi.fr\/index.php\/wp-json\/wp\/v2\/comments?post=74"}],"version-history":[{"count":36,"href":"https:\/\/colombi.fr\/index.php\/wp-json\/wp\/v2\/pages\/74\/revisions"}],"predecessor-version":[{"id":273,"href":"https:\/\/colombi.fr\/index.php\/wp-json\/wp\/v2\/pages\/74\/revisions\/273"}],"wp:featuredmedia":[{"embeddable":true,"href":"https:\/\/colombi.fr\/index.php\/wp-json\/wp\/v2\/media\/54"}],"wp:attachment":[{"href":"https:\/\/colombi.fr\/index.php\/wp-json\/wp\/v2\/media?parent=74"}],"curies":[{"name":"wp","href":"https:\/\/api.w.org\/{rel}","templated":true}]}}