{"id":71,"date":"2024-12-08T16:47:01","date_gmt":"2024-12-08T15:47:01","guid":{"rendered":"https:\/\/colombi.fr\/?page_id=71"},"modified":"2025-02-16T21:31:44","modified_gmt":"2025-02-16T20:31:44","slug":"soins-energetiques","status":"publish","type":"page","link":"https:\/\/colombi.fr\/index.php\/mes-services\/soins-energetiques\/","title":{"rendered":"Soins \u00e9nerg\u00e9tiques"},"content":{"rendered":"\n<blockquote class=\"wp-block-quote is-layout-flow wp-block-quote-is-layout-flow\">\n<p>Nous avons la capacit\u00e9 de capter tout au long de notre vie de l\u2019\u00e9nergie vitale. Cette derni\u00e8re est une \u00e9nergie de coh\u00e9rence et de coh\u00e9sion qui, constamment nous maintient en bonne sant\u00e9 en r\u00e9glant nos param\u00e8tres biologiques primaires. Cela est possible gr\u00e2ce \u00e0 l\u2019existence d\u2019une structure \u00e9nerg\u00e9tique subtile qui se trouve en nous tous.<\/p>\n<\/blockquote>\n\n\n\n<blockquote class=\"wp-block-quote is-layout-flow wp-block-quote-is-layout-flow\">\n<p>Un soin \u00e9nerg\u00e9tique consiste \u00e0 travailler de mani\u00e8re consciente cette structure vibratoire afin de nous maintenir en pl\u00e9nitude, c\u2019est \u00e0 dire \u00eatre rempli d\u2019\u00e9nergie vitale au quotidien !<\/p>\n<\/blockquote>\n\n\n\n<h2 class=\"wp-block-heading\"><strong>Le soin \u00e9nerg\u00e9tique&nbsp;de base<\/strong>&nbsp;<\/h2>\n\n\n\n<p>On l\u2019appelle \u00e9galement \u00ab&nbsp;soin z\u00e9ro&nbsp;\u00bb car il permet de remettre la structure \u00e9nerg\u00e9tique du consultant au plus proche de son \u00e9tat originel.<\/p>\n\n\n\n<p>Il consiste, apr\u00e8s une phase de d\u00e9pollution obligatoire, \u00e0 \u00e9vacuer, par magn\u00e9tisme et m\u00e9diumnit\u00e9,&nbsp;les \u00e9nergies&nbsp;stagnantes et pollu\u00e9es dans l\u2019ensemble de la structure \u00e9nerg\u00e9tique et \u00e0 recharger celle-ci avec&nbsp;de l\u2019\u00e9nergie pure et vitale au bon&nbsp;fonctionnement de l\u2019\u00eatre et du corps.<\/p>\n\n\n\n<p>Les auras les plus proches de votre corps&nbsp;physique&nbsp;seront lav\u00e9es, cicatris\u00e9es et r\u00e9align\u00e9es.<\/p>\n\n\n\n<p>G\u00e9n\u00e9ralement, ces s\u00e9ances&nbsp;vous aideront :<\/p>\n\n\n\n<ul class=\"wp-block-list\">\n<li>\u00e0 vous sentir mieux&nbsp;ancr\u00e9 en vous et donc plus pr\u00e9sent et plus dynamique dans votre quotidien<\/li>\n\n\n\n<li>\u00e0 mieux g\u00e9rer vos \u00e9motions<\/li>\n\n\n\n<li>\u00e0 diminuer vos&nbsp;\u00e9tats de stress ou d\u2019anxi\u00e9t\u00e9<\/li>\n\n\n\n<li>\u00e0 \u00e9vacuer des traumatismes physiques et\/ou psychiques<\/li>\n\n\n\n<li>\u00e0 faire le calme dans vos \u00e9tats mentaux<\/li>\n\n\n\n<li>\u00e0 vous sentir plus proche de votre \u00eatre int\u00e9rieur (mieux vous ressentir, mieux vous comprendre)<\/li>\n\n\n\n<li>\u00e0 d\u00e9velopper votre&nbsp;intuition et votre cr\u00e9ativit\u00e9<\/li>\n\n\n\n<li>\u00e0 vous renforcer face aux agressions ext\u00e9rieures (pollutions relationnelles et&nbsp;environnementales par exemple)<\/li>\n\n\n\n<li>\u00e0 gu\u00e9rir de d\u00e9pression r\u00e9actionnelle ou chronique<\/li>\n\n\n\n<li>\u00e0 optimiser vos fonctions physiologiques et psychiques<\/li>\n<\/ul>\n\n\n\n<p><strong>La&nbsp;s\u00e9ance dure une heure en moyenne et elle est ouverte aux adultes, aux adolescents et aux enfants.<\/strong><br><\/p>\n\n\n\n<h2 class=\"wp-block-heading\">Accompagnements sp\u00e9cialis\u00e9s :<\/h2>\n\n\n\n<ul class=\"wp-block-list\">\n<li><strong>des hypersensibles<\/strong> pour les aider \u00e0 &#8230;.<\/li>\n\n\n\n<li><strong>les r\u00e9mission de cancer&nbsp;<\/strong>pour aider les consultants \u00e0 retrouver toutes leurs ressources de vie <\/li>\n\n\n\n<li><strong>lors de traitements lourds comme par exemple les chimioth\u00e9rapies,&nbsp;les&nbsp;radioth\u00e9rapies et d\u2019autres traitements \u00e0 forte toxicit\u00e9.<\/strong><\/li>\n\n\n\n<li>les&nbsp;maladies chroniques comme&nbsp;<strong>les maladies auto-immunes<\/strong>&nbsp;ou&nbsp;<strong>les&nbsp;covid long<\/strong>,&nbsp;en&nbsp;diminuant l\u2019intensit\u00e9 et le&nbsp;nombre des diff\u00e9rents&nbsp;sympt\u00f4mes qui peuvent \u00eatre pr\u00e9sents (fatigue chronique, douleurs et inflammations, troubles du syst\u00e8me&nbsp;digestif ou nerveux, dermatoses, d\u00e9pression, insomnie\u2026) et en traitant leurs causes&nbsp;physiologiques et \u00e9nerg\u00e9tiques.<\/li>\n<\/ul>\n\n\n\n<h2 class=\"wp-block-heading\"><strong>Le soin \u00e9nerg\u00e9tique avec des solutions avanc\u00e9es&nbsp;<\/strong><\/h2>\n\n\n\n<p>Si pas de pollutions \u00e9nerg\u00e9tiques importantes et moins de 3 mois apr\u00e8s un soin z\u00e9ro, on pourra effectuer des techniques plus sp\u00e9cialis\u00e9es.<\/p>\n\n\n\n<p>Ces derni\u00e8res vous aideront \u00e0 :<\/p>\n\n\n\n<ul class=\"wp-block-list\">\n<li>lever des blocages \u00e9motionnels ou mentaux&nbsp;<\/li>\n\n\n\n<li>\u00e9vacuer des \u00e9gouts d\u2019\u00e9nergie tout le long de la colonne vert\u00e9brale<\/li>\n\n\n\n<li>apaiser les dualit\u00e9s<\/li>\n\n\n\n<li>lutter contre les d\u00e9pendances aux drogues, tabac, alcool\u2026<\/li>\n\n\n\n<li>avoir un meilleur \u00e9quilibre \u00e9motionnel&nbsp;<\/li>\n\n\n\n<li>aider \u00e0 la r\u00e9alisation de son incarnation, trouver sa voie en quelque&nbsp;sorte&nbsp;<\/li>\n\n\n\n<li>s\u00e9curiser l\u2019\u00e9quilibrage \u00e9nerg\u00e9tique de la colonne de chakra <\/li>\n\n\n\n<li>lever des formes-pens\u00e9es et des m\u00e9moires r\u00e9siduelles (entit\u00e9s, m\u00e9moires des lieux absorb\u00e9s, \u00e9l\u00e9mentaux)<\/li>\n\n\n\n<li>nettoyer\u00a0karmiquement (m\u00e9moires n\u00e9gatives, souvenirs de vie pass\u00e9es, sympt\u00f4mes apparus \u00e0 un \u00e2ge pr\u00e9cis)<\/li>\n<\/ul>\n\n\n\n<p><strong>La&nbsp;s\u00e9ance dure une heure en moyenne et elle est ouverte aux adultes, aux adolescents <\/strong><\/p>\n","protected":false},"excerpt":{"rendered":"<p>Nous avons la capacit\u00e9 de capter tout au long de notre vie de l\u2019\u00e9nergie vitale. Cette derni\u00e8re est une \u00e9nergie de coh\u00e9rence et de coh\u00e9sion qui, constamment nous maintient en &hellip; <\/p>\n","protected":false},"author":2,"featured_media":44,"parent":74,"menu_order":0,"comment_status":"closed","ping_status":"closed","template":"","meta":{"footnotes":""},"class_list":["post-71","page","type-page","status-publish","has-post-thumbnail","hentry"],"_links":{"self":[{"href":"https:\/\/colombi.fr\/index.php\/wp-json\/wp\/v2\/pages\/71","targetHints":{"allow":["GET"]}}],"collection":[{"href":"https:\/\/colombi.fr\/index.php\/wp-json\/wp\/v2\/pages"}],"about":[{"href":"https:\/\/colombi.fr\/index.php\/wp-json\/wp\/v2\/types\/page"}],"author":[{"embeddable":true,"href":"https:\/\/colombi.fr\/index.php\/wp-json\/wp\/v2\/users\/2"}],"replies":[{"embeddable":true,"href":"https:\/\/colombi.fr\/index.php\/wp-json\/wp\/v2\/comments?post=71"}],"version-history":[{"count":4,"href":"https:\/\/colombi.fr\/index.php\/wp-json\/wp\/v2\/pages\/71\/revisions"}],"predecessor-version":[{"id":317,"href":"https:\/\/colombi.fr\/index.php\/wp-json\/wp\/v2\/pages\/71\/revisions\/317"}],"up":[{"embeddable":true,"href":"https:\/\/colombi.fr\/index.php\/wp-json\/wp\/v2\/pages\/74"}],"wp:featuredmedia":[{"embeddable":true,"href":"https:\/\/colombi.fr\/index.php\/wp-json\/wp\/v2\/media\/44"}],"wp:attachment":[{"href":"https:\/\/colombi.fr\/index.php\/wp-json\/wp\/v2\/media?parent=71"}],"curies":[{"name":"wp","href":"https:\/\/api.w.org\/{rel}","templated":true}]}}