{"id":66,"date":"2024-12-08T16:31:08","date_gmt":"2024-12-08T15:31:08","guid":{"rendered":"https:\/\/colombi.fr\/?page_id=66"},"modified":"2025-02-20T21:42:55","modified_gmt":"2025-02-20T20:42:55","slug":"les-coachings","status":"publish","type":"page","link":"https:\/\/colombi.fr\/index.php\/mes-services\/les-coachings\/","title":{"rendered":"Les coachings"},"content":{"rendered":"\n<blockquote class=\"wp-block-quote is-layout-flow wp-block-quote-is-layout-flow\">\n<p>L&#8217;Univers,&nbsp;le monde comme l&#8217;individu sont \u00e0 la fois indivisible et duel.&nbsp;Tout est constitu\u00e9&nbsp;de deux \u00e9nergies fondamentales qui s&#8217;opposent et se compl\u00e8tent. <\/p>\n<\/blockquote>\n\n\n\n<p>Le Yin (\u00e9nergie cosmique) et le Yang (\u00e9nergie tellurique) existent donc en chacun de nous comme en toute chose. Ils cr\u00e9ent les cycles et le mouvement, indispensable \u00e0 la Vie ! La personnalit\u00e9 d&#8217;un individu est \u00e9galement influenc\u00e9e par les agitations et stagnations de ces deux \u00e9nergies qui circulent en&nbsp;lui. Or l&#8217;homme cherche, plus ou moins consciemment au cours de son existence, l&#8217;\u00e9quilibre entre les oppos\u00e9s car intuitivement, il les sait compl\u00e9mentaires.<\/p>\n\n\n\n<p>Les dualit\u00e9s doivent exister pour nous montrer la valeur d&#8217;une chose par l&#8217;existence de son contraire ! Mais alors, comment trouver un \u00e9quilibre en Soi, si tout est dualit\u00e9 ? Les oppos\u00e9s sont-ils conciliables ? L&#8217;Eau et le Feu sont par nature deux \u00e9l\u00e9ments que tout oppose ! Et pourtant ils peuvent s&#8217;harmoniser gr\u00e2ce \u00e0 un troisi\u00e8me \u00e9l\u00e9ment, l&#8217;Air. <\/p>\n\n\n\n<blockquote class=\"wp-block-quote is-layout-flow wp-block-quote-is-layout-flow\">\n<p>La spiritualit\u00e9 est une recherche d&#8217;\u00e9quilibre en toute chose. Cette conscience nous aide \u00e0 unifier ce qui semble s&#8217;opposer par nature. <\/p>\n<\/blockquote>\n\n\n\n<p>Ne vouloir fonctionner que dans une seule des deux \u00e9nergies jusqu&#8217;\u00e0 nier l&#8217;existence de l&#8217;autre occasionnera une trop forte polarisation de la personnalit\u00e9. La syst\u00e8mie comportementale sera dans ce cas toujours malsaine car fortement d\u00e9s\u00e9quilibr\u00e9e. Un d\u00e9veloppement personnel et spirituel, vous permettra progressivement de d\u00e9velopper les consciences les plus faibles en vous afin de canaliser les plus fortes. on parlera de compensation alchimique !<\/p>\n\n\n\n<p>En somme, les personnalit\u00e9s trop&nbsp;<strong>YANG<\/strong>&nbsp;(trop dans la mati\u00e8re, dans le concret et le rationnel) sont amen\u00e9es \u00e0&nbsp;compenser vers plus de <strong>YIN<\/strong>&nbsp;tandis que les personnalit\u00e9s les plus&nbsp;<strong>YIN<\/strong>&nbsp;(trop dans la Lune, dans l&#8217;imaginaire et pas assez ancr\u00e9es dans la r\u00e9alit\u00e9)&nbsp;doivent compenser vers plus de&nbsp;<strong>YANG<\/strong>.<\/p>\n\n\n\n<blockquote class=\"wp-block-quote is-layout-flow wp-block-quote-is-layout-flow\">\n<p>Si vous voulez changer des aspects de votre Vie, il faut vouloir incarner ce changement !<\/p>\n<\/blockquote>\n\n\n\n<p>Le roseau se courbe face aux intemp\u00e9ries afin de redevenir droit, ainsi il ne rompt pas. Le roseau est en cela un exemple de sagesse ! Le d\u00e9veloppement psycho-spirituel suit cette image : pour pouvoir trouver un centre solide et fluide, il faut accepter de tirer de la sagesse des \u00e9preuves qui peuvent nous d\u00e9stabiliser au cours de nos existences. Mais avant cela, il faut bien accepter de les vivre pour en avoir une certaine compr\u00e9hension.<\/p>\n\n\n\n<p>La Compr\u00e9hension et la Sagesse sont deux en un , car pour pouvoir incarner un v\u00e9ritable changement en Soi, il faut pouvoir d\u00e9velopper une certaine Volont\u00e9 en Soi.<br>Que vous soyez perdu, en questionnement ou bien en recherche de spiritualit\u00e9 et de bien-\u00eatre int\u00e9rieur, je vous accompagnerai dans cette volont\u00e9 de changement.<\/p>\n\n\n\n<p><strong>La s\u00e9ance dure 45 min et est ouverte aux adultes et aux adolescents.<\/strong><\/p>\n","protected":false},"excerpt":{"rendered":"<p>L&#8217;Univers,&nbsp;le monde comme l&#8217;individu sont \u00e0 la fois indivisible et duel.&nbsp;Tout est constitu\u00e9&nbsp;de deux \u00e9nergies fondamentales qui s&#8217;opposent et se compl\u00e8tent. Le Yin (\u00e9nergie cosmique) et le Yang (\u00e9nergie tellurique) &hellip; <\/p>\n","protected":false},"author":2,"featured_media":53,"parent":74,"menu_order":0,"comment_status":"closed","ping_status":"closed","template":"","meta":{"footnotes":""},"class_list":["post-66","page","type-page","status-publish","has-post-thumbnail","hentry"],"_links":{"self":[{"href":"https:\/\/colombi.fr\/index.php\/wp-json\/wp\/v2\/pages\/66","targetHints":{"allow":["GET"]}}],"collection":[{"href":"https:\/\/colombi.fr\/index.php\/wp-json\/wp\/v2\/pages"}],"about":[{"href":"https:\/\/colombi.fr\/index.php\/wp-json\/wp\/v2\/types\/page"}],"author":[{"embeddable":true,"href":"https:\/\/colombi.fr\/index.php\/wp-json\/wp\/v2\/users\/2"}],"replies":[{"embeddable":true,"href":"https:\/\/colombi.fr\/index.php\/wp-json\/wp\/v2\/comments?post=66"}],"version-history":[{"count":33,"href":"https:\/\/colombi.fr\/index.php\/wp-json\/wp\/v2\/pages\/66\/revisions"}],"predecessor-version":[{"id":363,"href":"https:\/\/colombi.fr\/index.php\/wp-json\/wp\/v2\/pages\/66\/revisions\/363"}],"up":[{"embeddable":true,"href":"https:\/\/colombi.fr\/index.php\/wp-json\/wp\/v2\/pages\/74"}],"wp:featuredmedia":[{"embeddable":true,"href":"https:\/\/colombi.fr\/index.php\/wp-json\/wp\/v2\/media\/53"}],"wp:attachment":[{"href":"https:\/\/colombi.fr\/index.php\/wp-json\/wp\/v2\/media?parent=66"}],"curies":[{"name":"wp","href":"https:\/\/api.w.org\/{rel}","templated":true}]}}