{"id":212,"date":"2025-02-11T10:39:02","date_gmt":"2025-02-11T09:39:02","guid":{"rendered":"https:\/\/colombi.fr\/?page_id=212"},"modified":"2025-03-06T13:25:15","modified_gmt":"2025-03-06T12:25:15","slug":"losteopathie-2","status":"publish","type":"page","link":"https:\/\/colombi.fr\/index.php\/losteopathie-2\/","title":{"rendered":"L&#8217;ost\u00e9opathie"},"content":{"rendered":"\n<p class=\"has-text-align-center\"><\/p>\n\n\n\n<p>L&#8217;ost\u00e9opathie est aujourd&#8217;hui mieux reconnue et accept\u00e9e par la population occidentale. Elle fait appel, selon moi, \u00e0 des capacit\u00e9s d&#8217;\u00e9coute et de perceptions sensibles. Elle est enseign\u00e9e dans la plupart des \u00e9coles comme une pratique holistique et pr\u00e9ventive qui am\u00e9liore la sant\u00e9 physique et le bien-\u00eatre de ses consultants. <\/p>\n\n\n\n<blockquote class=\"wp-block-quote is-layout-flow wp-block-quote-is-layout-flow\">\n<p class=\"has-text-align-center\">Les maux du corps sont les maux de l&#8217;\u00e2me.<\/p>\n\n\n\n<p class=\"has-text-align-center\">Ainsi on ne doit pas gu\u00e9rir le corps sans chercher \u00e0 gu\u00e9rir l&#8217;\u00e2me. <\/p>\n\n\n\n<p class=\"has-text-align-center\">Platon<\/p>\n<\/blockquote>\n\n\n\n<p>La plupart des th\u00e9rapeutiques holistiques actuelles s&#8217;inspirent des savoirs anciens. Si l&#8217;on en croit Platon, d\u00e9j\u00e0 \u00e0 l&#8217;\u00e9poque de l&#8217;antique Gr\u00e8ce et probablement encore avant, l&#8217;individu n&#8217;\u00e9tait pas s\u00e9par\u00e9 de sa dimension spirituelle. Il nous faut admettre que notre int\u00e9riorit\u00e9 peut impacter positivement ou n\u00e9gativement notre corps. <\/p>\n\n\n\n<p>Dans nos soci\u00e9t\u00e9s actuelles, nous sommes expos\u00e9s \u00e0 des niveaux de pollutions et de stress jamais atteint auparavant. L&#8217;air que nous respirons, les aliments et l&#8217;eau&#8230;.<\/p>\n\n\n\n<p> Que les causes soient des blocages et des d\u00e9s\u00e9quilibres du corps, des exc\u00e8s de pollutions dans l&#8217;organisme ou des causes plus subtiles, d&#8217;ordre psychique ou \u00e9nerg\u00e9tique, <\/p>\n\n\n\n<p>  impacteront les fonctions biologiques et le bien-\u00eatre psychique. M\u00eame des blocages ost\u00e9o-articulaires peuvent avoir un lien avec la psych\u00e9. Prenons l&#8217;exemple<\/p>\n\n\n\n<p>L&#8217;esprit est comme une pile qui alimente en \u00e9nergie vitale l&#8217;ensemble de notre corps et de notre psych\u00e9. <\/p>\n\n\n\n<p>D\u00e9crire mon approche &#8230;<\/p>\n\n\n\n<p><strong>refaire la partie ce sur quoi j&#8217;agis &#8230;<\/strong> Ma&nbsp;pratique ost\u00e9opathique est essentiellement fonctionnelle et sensitive. Le d\u00e9veloppement de mes capacit\u00e9s intuitives me permet de ressentir les m\u00e9moires et les signaux&nbsp;corporels li\u00e9s \u00e0&nbsp;vos sympt\u00f4mes.<\/p>\n\n\n\n<p>Je peux agir soit par&nbsp;magn\u00e9tisme (mains \u00e0 distance), soit par&nbsp;manipulation douce et sensitive afin&nbsp;de corriger des d\u00e9s\u00e9quilibres et des blocages du corps \u00e0 l&#8217;origine de syndromes douloureux comme :<\/p>\n\n\n\n<p><\/p>\n\n\n\n<p>(les exemples sont trop vastes, je ne les citerai pas mais disons que tous les \u00e9tages de la t\u00eate aux pieds ainsi que la plupart&nbsp;des organes sont&nbsp;concern\u00e9s) et&nbsp;\u00e0 l&#8217;origine de&nbsp;troubles des&nbsp;fonctions corporelles (le sommeil,&nbsp;le syst\u00e8me nerveux ou&nbsp;circulatoire, la digestion,&nbsp;le syst\u00e8me immunitaire et les fonctions ost\u00e9o-articulaires et posturales&#8230;).<\/p>\n\n\n\n<p>Je peux ainsi aider&nbsp;votre corps physique \u00e0 se&nbsp;r\u00e9\u00e9quilibrer, se nettoyer, se renforcer et se r\u00e9g\u00e9n\u00e9rer.<\/p>\n\n\n\n<p><strong>La s\u00e9ance dure&nbsp;une heure en moyenne et&nbsp;elle est ouverte aux adultes, aux adolescents et aux enfants.<\/strong><\/p>\n","protected":false},"excerpt":{"rendered":"<p>L&#8217;ost\u00e9opathie est aujourd&#8217;hui mieux reconnue et accept\u00e9e par la population occidentale. Elle fait appel, selon moi, \u00e0 des capacit\u00e9s d&#8217;\u00e9coute et de perceptions sensibles. Elle est enseign\u00e9e dans la plupart &hellip; <\/p>\n","protected":false},"author":2,"featured_media":0,"parent":0,"menu_order":0,"comment_status":"closed","ping_status":"closed","template":"","meta":{"footnotes":""},"class_list":["post-212","page","type-page","status-publish","hentry"],"_links":{"self":[{"href":"https:\/\/colombi.fr\/index.php\/wp-json\/wp\/v2\/pages\/212","targetHints":{"allow":["GET"]}}],"collection":[{"href":"https:\/\/colombi.fr\/index.php\/wp-json\/wp\/v2\/pages"}],"about":[{"href":"https:\/\/colombi.fr\/index.php\/wp-json\/wp\/v2\/types\/page"}],"author":[{"embeddable":true,"href":"https:\/\/colombi.fr\/index.php\/wp-json\/wp\/v2\/users\/2"}],"replies":[{"embeddable":true,"href":"https:\/\/colombi.fr\/index.php\/wp-json\/wp\/v2\/comments?post=212"}],"version-history":[{"count":17,"href":"https:\/\/colombi.fr\/index.php\/wp-json\/wp\/v2\/pages\/212\/revisions"}],"predecessor-version":[{"id":445,"href":"https:\/\/colombi.fr\/index.php\/wp-json\/wp\/v2\/pages\/212\/revisions\/445"}],"wp:attachment":[{"href":"https:\/\/colombi.fr\/index.php\/wp-json\/wp\/v2\/media?parent=212"}],"curies":[{"name":"wp","href":"https:\/\/api.w.org\/{rel}","templated":true}]}}