{"id":2,"date":"2024-11-19T20:07:40","date_gmt":"2024-11-19T19:07:40","guid":{"rendered":"http:\/\/colombi.fr\/?page_id=2"},"modified":"2025-02-26T10:48:38","modified_gmt":"2025-02-26T09:48:38","slug":"page-d-exemple","status":"publish","type":"page","link":"https:\/\/colombi.fr\/index.php\/page-d-exemple\/","title":{"rendered":"Pr\u00e9sentation"},"content":{"rendered":"<p style=\"font-style:normal;font-weight:100;text-transform:capitalize;\" class=\"is-style-outline wp-block-tag-cloud\"><a href=\"https:\/\/colombi.fr\/index.php\/tag\/energetique\/\" class=\"tag-cloud-link tag-link-7 tag-link-position-1\" style=\"font-size: 6pt;\" aria-label=\"Energ\u00e9tique (1 item)\">Energ\u00e9tique<\/a><\/p>\n\n\n<p>D\u00e8s l&#8217;enfance, j&#8217;ai cru au pouvoir de soigner avec les mains. En parall\u00e8le de mon apprentissage scientifique, je vais chercher, tout au long de mon parcours, ce que mon \u00e2me sait d\u00e9j\u00e0 : tout est conscience, tout est \u00e9nergie et les mains peuvent magn\u00e9tiser !<\/p>\n\n\n\n<p>A partir de 2005, j&#8217;ai entrepris un master pour devenir ost\u00e9opathe en parall\u00e8le de mes d\u00e9buts d&#8217;activit\u00e9s de podologue en lib\u00e9ral. Pendant quelques ann\u00e9es, j&#8217;ai pratiqu\u00e9 conjointement les deux professions, associ\u00e9 en cabinet lib\u00e9ral \u00e0 Paris. Puis \u00e0 partir de 2016, j&#8217;ai consult\u00e9 essentiellement en ost\u00e9opathie.<\/p>\n\n\n\n<p>La pratique de l&#8217;ost\u00e9opathie n\u00e9cessite de d\u00e9velopper des capacit\u00e9s sensitives, mais \u00e9galement de rester bien enracin\u00e9 et pr\u00e9sent. Cela d\u00e9pend de mon aptitude au l\u00e2cher prise tout en \u00e9tant mieux ancr\u00e9. Pour m&#8217;y aider, je me suis int\u00e9ress\u00e9 au d\u00e9veloppement personnel et aux m\u00e9decines alternatives.<\/p>\n\n\n\n<p>A partir de 2011, j&#8217;ai consult\u00e9 r\u00e9guli\u00e8rement une praticienne en acupuncture traditionnelle chinoise. Elle me soignera pendant plus de 5 ans. Elle ajoutait \u00e0 l&#8217;acupuncture, diverses approches th\u00e9rapeutiques \u00e9nerg\u00e9tiques et spirituelles (Moxa, travail au quartz de roche, nettoyage karmique au plomb, phytoth\u00e9rapie, naturopathie&#8230;). J&#8217;ai \u00e9galement pratiqu\u00e9 le HATHA YOGA et le m\u00e9ditation sophrologique. L&#8217;introduction aux s\u00e9ances se faisait toujours par l&#8217;analyse d&#8217;un th\u00e8me astral en fonction des p\u00e9riodes concern\u00e9es, cela m&#8217;a donn\u00e9 quelques notions en astrologie. A cette p\u00e9riode, j&#8217;ai \u00e9tudi\u00e9 les bases de l&#8217;acupuncture chinoise, le Tao et le bouddhisme.<\/p>\n\n\n\n<p>En 2016, j&#8217;ai consult\u00e9 pendant plus de deux ans, une psychologue clinicienne. Elle m&#8217;a fait prendre conscience que l&#8217;acc\u00e8s \u00e0 mon int\u00e9riorit\u00e9 ne passe pas seulement par les soins mais \u00e9galement par l&#8217;introspection intellectuelle.<\/p>\n\n\n\n<p>j&#8217;ai accept\u00e9 la n\u00e9cessit\u00e9 de me r\u00e9orienter professionnellement lors de ma rencontre avec un coach en d\u00e9veloppement personnel. Il m&#8217;a guid\u00e9 vers ma future formation en \u00e9nerg\u00e9tique.<\/p>\n\n\n\n<p>A l&#8217;aube de mes 40 ans, j&#8217;ai commenc\u00e9 mon premier stage de formation &#8220;Unity is the Key&#8221;, un chemin vers l&#8217;Unicit\u00e9, pour devenir Th\u00e9rapeute Energ\u00e9ticien. C&#8217;est un v\u00e9ritable tsunami ! La plupart de mes croyances et pseudo-certitudes sont tr\u00e8s rapidement remises en question tant la dimension spirituelle d\u00e9passe tout ce \u00e0 quoi je m&#8217;attendais. Je me suis form\u00e9 \u00e0 la pratique des soins \u00e9nerg\u00e9tiques, au magn\u00e9tisme et \u00e0 l&#8217;accompagnement en coaching. Je continue d&#8217;explorer les dimensions de l&#8217;\u00e9nerg\u00e9tique et de la spiritualit\u00e9 par la lecture d\u2019ouvrages sur les savoirs anciens (alchimie, herm\u00e9tisme, anciennes civilisations&#8230;.).<\/p>\n\n\n\n<p>Aujourd&#8217;hui, j&#8217;exerce en pr\u00e9sentiel dans un cabinet lib\u00e9ral, situ\u00e9 au Chemin du Fort du Mont Alban, \u00e0 Nice. En ce qui concerne la th\u00e9rapie \u00e9nerg\u00e9tique (coaching et soin \u00e9nerg\u00e9tique) , je consulte \u00e9galement \u00e0 distance par t\u00e9l\u00e9phone. <\/p>\n\n\n\n<p>Que vous soyez en qu\u00eate d&#8217;\u00e9quilibre int\u00e9rieur ou de bien-\u00eatre corporel, je propose un accompagnement o\u00f9 l&#8217;Ame, le Corps et l&#8217;Esprit (A.C.E.) sont indissociables dans une recherche de d\u00e9veloppement personnel et spirituel.<\/p>\n\n\n\n<p>Mes formations : <\/p>\n\n\n\n<ul class=\"wp-block-list\">\n<li>Dipl\u00f4me d&#8217;Etat de P\u00e9dicure-Podologue en 2004 (Ecole d&#8217;Assas \u00e0 Paris)<\/li>\n\n\n\n<li>Master 2 Ost\u00e9opathe D.O en 2011 (Coll\u00e8ge Ost\u00e9opathique Europ\u00e9en \u00e0 Cergy-Pontoise)<\/li>\n\n\n\n<li>Formation de Th\u00e9rapeute Energ\u00e9ticien de 2019 \u00e0 2023 (Unity is the Key)<br><\/li>\n<\/ul>\n","protected":false},"excerpt":{"rendered":"<p>D\u00e8s l&#8217;enfance, j&#8217;ai cru au pouvoir de soigner avec les mains. En parall\u00e8le de mon apprentissage scientifique, je vais chercher, tout au long de mon parcours, ce que mon \u00e2me &hellip; <\/p>\n","protected":false},"author":1,"featured_media":44,"parent":0,"menu_order":0,"comment_status":"closed","ping_status":"open","template":"","meta":{"footnotes":""},"class_list":["post-2","page","type-page","status-publish","has-post-thumbnail","hentry"],"_links":{"self":[{"href":"https:\/\/colombi.fr\/index.php\/wp-json\/wp\/v2\/pages\/2","targetHints":{"allow":["GET"]}}],"collection":[{"href":"https:\/\/colombi.fr\/index.php\/wp-json\/wp\/v2\/pages"}],"about":[{"href":"https:\/\/colombi.fr\/index.php\/wp-json\/wp\/v2\/types\/page"}],"author":[{"embeddable":true,"href":"https:\/\/colombi.fr\/index.php\/wp-json\/wp\/v2\/users\/1"}],"replies":[{"embeddable":true,"href":"https:\/\/colombi.fr\/index.php\/wp-json\/wp\/v2\/comments?post=2"}],"version-history":[{"count":46,"href":"https:\/\/colombi.fr\/index.php\/wp-json\/wp\/v2\/pages\/2\/revisions"}],"predecessor-version":[{"id":369,"href":"https:\/\/colombi.fr\/index.php\/wp-json\/wp\/v2\/pages\/2\/revisions\/369"}],"wp:featuredmedia":[{"embeddable":true,"href":"https:\/\/colombi.fr\/index.php\/wp-json\/wp\/v2\/media\/44"}],"wp:attachment":[{"href":"https:\/\/colombi.fr\/index.php\/wp-json\/wp\/v2\/media?parent=2"}],"curies":[{"name":"wp","href":"https:\/\/api.w.org\/{rel}","templated":true}]}}